{"id":107,"date":"2024-01-17T12:25:11","date_gmt":"2024-01-17T11:25:11","guid":{"rendered":"http:\/\/freller-miklos-alapitvany.illyes-dombovar.hu\/?page_id=107"},"modified":"2024-03-19T12:05:55","modified_gmt":"2024-03-19T11:05:55","slug":"az-alapitvany-celjai-2","status":"publish","type":"page","link":"http:\/\/freller-miklos-alapitvany.illyes-dombovar.hu\/index.php\/az-alapitvany-celjai-2\/","title":{"rendered":"Az Alap\u00edtv\u00e1ny c\u00e9ljai"},"content":{"rendered":"\n<p><strong>A Freller Alap\u00edtv\u00e1ny f\u0151 c\u00e9ljai<\/strong><\/p>\n\n\n\n<ul class=\"wp-block-list\">\n<li>A Domb\u00f3v\u00e1ri Illy\u00e9s Gyula Gimn\u00e1zium matematik\u00e1b\u00f3l \u00e9s fizik\u00e1b\u00f3l kiv\u00e1l\u00f3 eredm\u00e9nyeket el\u00e9rt tanul\u00f3inak jutalmaz\u00e1sa. Az elismer\u00e9sekre az Alap\u00edtv\u00e1ny Freller Mikl\u00f3s-d\u00edjat hozott l\u00e9tre.<\/li>\n\n\n\n<li>A gimn\u00e1ziumb\u00f3l kiker\u00fclt fels\u0151fok\u00fa matematika vagy fizika tanulm\u00e1nyokat folytat\u00f3 hallgat\u00f3 t\u00e1mogat\u00e1sa a gimn\u00e1ziumban t\u00f6lt\u00f6tt gyakorlati id\u0151 alatt, amennyiben v\u00e1llalja, hogy a fels\u0151fok\u00fa tanulm\u00e1nyok befejez\u00e9se ut\u00e1n a gimn\u00e1ziumban fog oktatni.<\/li>\n\n\n\n<li>A matematika-fizika oktat\u00e1s domb\u00f3v\u00e1ri gimn\u00e1ziumi t\u00e1rgyi felt\u00e9teleinek jav\u00edt\u00e1sa<\/li>\n\n\n\n<li>A matematika \u00e9s fizika tant\u00e1rgy szakk\u00f6reinek t\u00e1mogat\u00e1sa<\/li>\n\n\n\n<li>A Tolna v\u00e1rmegy\u00e9ben m\u0171k\u00f6d\u0151 matematika tehets\u00e9ggondoz\u00f3 szakk\u00f6rt l\u00e1togat\u00f3 tanul\u00f3k t\u00e1mogat\u00e1sa<\/li>\n<\/ul>\n","protected":false},"excerpt":{"rendered":"<p>A Freller Alap\u00edtv\u00e1ny f\u0151 c\u00e9ljai <a href=\"http:\/\/freller-miklos-alapitvany.illyes-dombovar.hu\/index.php\/az-alapitvany-celjai-2\/\" class=\"more-link\"><span class=\"screen-reader-text\">Az Alap\u00edtv\u00e1ny c\u00e9ljai<\/span> r\u00e9szletei&#8230;<\/a><\/p>\n","protected":false},"author":1,"featured_media":0,"parent":0,"menu_order":0,"comment_status":"closed","ping_status":"closed","template":"","meta":{"ngg_post_thumbnail":0,"footnotes":""},"class_list":["post-107","page","type-page","status-publish","hentry"],"_links":{"self":[{"href":"http:\/\/freller-miklos-alapitvany.illyes-dombovar.hu\/index.php\/wp-json\/wp\/v2\/pages\/107","targetHints":{"allow":["GET"]}}],"collection":[{"href":"http:\/\/freller-miklos-alapitvany.illyes-dombovar.hu\/index.php\/wp-json\/wp\/v2\/pages"}],"about":[{"href":"http:\/\/freller-miklos-alapitvany.illyes-dombovar.hu\/index.php\/wp-json\/wp\/v2\/types\/page"}],"author":[{"embeddable":true,"href":"http:\/\/freller-miklos-alapitvany.illyes-dombovar.hu\/index.php\/wp-json\/wp\/v2\/users\/1"}],"replies":[{"embeddable":true,"href":"http:\/\/freller-miklos-alapitvany.illyes-dombovar.hu\/index.php\/wp-json\/wp\/v2\/comments?post=107"}],"version-history":[{"count":5,"href":"http:\/\/freller-miklos-alapitvany.illyes-dombovar.hu\/index.php\/wp-json\/wp\/v2\/pages\/107\/revisions"}],"predecessor-version":[{"id":163,"href":"http:\/\/freller-miklos-alapitvany.illyes-dombovar.hu\/index.php\/wp-json\/wp\/v2\/pages\/107\/revisions\/163"}],"wp:attachment":[{"href":"http:\/\/freller-miklos-alapitvany.illyes-dombovar.hu\/index.php\/wp-json\/wp\/v2\/media?parent=107"}],"curies":[{"name":"wp","href":"https:\/\/api.w.org\/{rel}","templated":true}]}}